{"id":2323,"date":"2021-08-25T16:32:30","date_gmt":"2021-08-25T14:32:30","guid":{"rendered":"https:\/\/fsg-polizei-noe.at\/inhalt\/?page_id=2323"},"modified":"2021-08-25T16:35:45","modified_gmt":"2021-08-25T14:35:45","slug":"impressum","status":"publish","type":"page","link":"https:\/\/fsg-polizei-noe.at\/inhalt\/impressum\/","title":{"rendered":"Impressum"},"content":{"rendered":"\t\t<div data-elementor-type=\"wp-page\" data-elementor-id=\"2323\" class=\"elementor elementor-2323\" data-elementor-settings=\"[]\">\n\t\t\t\t\t\t\t<div class=\"elementor-section-wrap\">\n\t\t\t\t\t\t\t<section class=\"elementor-section elementor-top-section elementor-element elementor-element-4c0a734 elementor-section-boxed elementor-section-height-default elementor-section-height-default\" data-id=\"4c0a734\" data-element_type=\"section\" data-settings=\"{&quot;background_background&quot;:&quot;classic&quot;}\">\n\t\t\t\t\t\t<div class=\"elementor-container elementor-column-gap-default\">\n\t\t\t\t\t<div class=\"elementor-column elementor-col-50 elementor-top-column elementor-element elementor-element-ada97bb\" data-id=\"ada97bb\" data-element_type=\"column\">\n\t\t\t<div class=\"elementor-widget-wrap elementor-element-populated\">\n\t\t\t\t\t\t\t\t<div class=\"elementor-element elementor-element-973deeb gyan-title-st-line-after gyan-title-desc-left elementor-widget elementor-widget-gyan_title\" data-id=\"973deeb\" data-element_type=\"widget\" data-widget_type=\"gyan_title.default\">\n\t\t\t\t<div class=\"elementor-widget-container\">\n\t\t\t\t\t<div class=\"gyan-title\">\r\n\t\t\t<div class=\"gyan-title-subtitle\"><span>FSG N\u00d6<\/span><\/div><h2 class=\"gyan-title-heading\">Impressum<\/h2><div class=\"gyan-title-desc\">Offenlegung nach \u00a7 24 und 25 Mediengesetz<\/div>\t\t<\/div>\r\n\t\t\t\t<\/div>\n\t\t\t\t<\/div>\n\t\t\t\t\t<\/div>\n\t\t<\/div>\n\t\t\t\t<div class=\"elementor-column elementor-col-50 elementor-top-column elementor-element elementor-element-0b908bd\" data-id=\"0b908bd\" data-element_type=\"column\">\n\t\t\t<div class=\"elementor-widget-wrap elementor-element-populated\">\n\t\t\t\t\t\t\t\t<div class=\"elementor-element elementor-element-c023cf0 elementor-widget elementor-widget-text-editor\" data-id=\"c023cf0\" data-element_type=\"widget\" data-widget_type=\"text-editor.default\">\n\t\t\t\t<div class=\"elementor-widget-container\">\n\t\t\t\t\t\t\t<p>Medieninhaber, Herausgeber und Eigent\u00fcmer:<\/p><p>Fraktion sozialdemokratischer Gewerkschafter\/InnenKlub der Exekutive &#8211; Nieder\u00f6sterreichNeue Herrengasse 15A-3100 St. P\u00f6lten<\/p><p>E-Mail:\u00a0<a style=\"color: #ee1d25;\" href=\"mailto:fsg-noe@aon.at\" target=\"_blank\" rel=\"noopener\">fsg-noe@aon.at<\/a><\/p><p><strong>Klubobmann:<\/strong>\u00a0Hartmut SCHMID<\/p><p><strong>ZVR:<\/strong>\u00a0835759976<\/p><p><strong>Grundlegende Richtung:<\/strong>\u00a0Der World Wide Web Server der FSG\u00a0N\u00d6 ist ein Informationsorgan des Klubs der Exekutive &#8211;\u00a0Nieder\u00f6sterreich und will einen Beitrag zum freien Diskurs und zu einer umfassenden und kritischen Information der \u00d6ffentlichkeit leisten.<\/p><p><strong>Haftung:<\/strong>\u00a0Die Inhalte dieser Website sind von den Autoren sorgf\u00e4ltig erwogen und gepr\u00fcft, dennoch kann keine Garantie f\u00fcr Richtigkeit, Vollst\u00e4ndigkeit und Aktualit\u00e4t der Angaben \u00fcbernommen werden. Eine Haftung f\u00fcr Personen-, Sach- und Verm\u00f6genssch\u00e4den ist ausgeschlossen. Die Meinung der Verfasser der Artikel muss nicht mit jener des Herausgebers \u00fcbereinstimmen. Mit der reinen Nutzung der Website des Anbieters kommt keinerlei Vertragsverh\u00e4ltnis zwischen dem Nutzer und dem Anbieter zustande.<\/p><p><strong>Copyright:<\/strong>\u00a0F\u00fcr alle Beitr\u00e4ge und Bildwerke liegen die Rechte bei Autoren und Fotografen. Alle Rechte vorbehalten. Eine \u00dcbernahme von Texten oder Bildern bedarf der schriftlichen Zustimmung der FSG\u00a0Nieder\u00f6sterreich &#8211; Klub der Exekutive. (Die Herstellung von Kopien und Downloads f\u00fcr den pers\u00f6nlichen, privaten und nicht kommerziellen Gebrauch ist erlaubt)<\/p><p><strong>Externe Links:<\/strong>\u00a0Diese Website enth\u00e4lt Verkn\u00fcpfungen zu Websites Dritter. Diese Websites unterliegen der Haftung der jeweiligen Betreiber. Der Anbieter hat bei der erstmaligen Verkn\u00fcpfung der externen Links die fremden Inhalte daraufhin \u00fcberpr\u00fcft, ob etwaige Rechtsverst\u00f6\u00dfe bestehen. Zu dem Zeitpunkt waren keine Rechtsverst\u00f6\u00dfe ersichtlich. Der Anbieter hat keinerlei Einfluss auf die aktuelle und zuk\u00fcnftige Gestaltung und auf die Inhalte der verkn\u00fcpften Seiten. Das setzen von externen Links bedeutet nicht, dass sich der Anbieter die hinter dem Verweis oder Link liegenden Inhalte zu Eigen macht. Eine st\u00e4ndige Kontrolle der externen Links ist f\u00fcr den Anbieter ohne konkrete Hinweise auf Rechtsverst\u00f6\u00dfe nicht zumutbar. Bei Kenntnis von Rechtsverst\u00f6\u00dfen werden jedoch derartige externe Links unverz\u00fcglich gel\u00f6scht.<\/p><p><strong>Links\/Downloads:<\/strong>\u00a0Eigene Links auf fremde Seiten und Links auf fremde Downloads stellen nur Wegweiser zu diesen Seiten\/Downloads dar; sie werden deshalb regelm\u00e4\u00dfig mittels externem Link in einem eigenen Browserfenster dargestellt. Der Herausgeber identifiziert sich ausdr\u00fccklich nicht mit dem Inhalt der Seiten\/Downloads auf die verwiesen wird und \u00fcbernimmt daf\u00fcr keine Haftung. Sollte eine der Seiten\/einer der Download, auf die verwiesen wird, bedenkliche Inhalte aufweisen, wird um Mitteilung ersucht; in so einem Falle wird der Link zu dem Download sofort gel\u00f6scht. Mit dem Urteil vom 12. Mai 1998 &#8211; 312 O 85\/98 &#8211; &#8222;Haftung f\u00fcr Links&#8220; hat das Landgericht (LG) in Hamburg entschieden, dass man durch die Anbringung eines Links, die Inhalte der gelinkten Seite ggf. mit zu verantworten hat. Dies kann &#8211; so das LG &#8211; nur dadurch verhindert werden, indem man sich ausdr\u00fccklich von diesen Inhalten distanziert. Der\u00a0Klub der Exekutive-Nieder\u00f6sterreich\u00a0hat auf ihren Seiten Links zu anderen Seiten im Internet gelegt, f\u00fcr alle diese Links gilt: Der Klub der Exekutive-Nieder\u00f6sterreich hat keinerlei Einfluss auf die Gestaltung und die Inhalte der gelinkten Seiten. Deshalb distanziert sich der Klub der Exekutive ausdr\u00fccklich von den Inhalten aller gelinkten Seiten und macht sich deren Inhalte nicht zu eigen. Diese Erkl\u00e4rung gilt f\u00fcr alle auf dieser Website angebrachten Links. Links auf die Website des Klubs der Exekutive N\u00d6 sind gestattet, soweit sie als externe Links gef\u00fchrt werden und jeweils ganze Seiten (inkl. Navigationsframe) wiedergegeben werden. Eine \u00dcbernahme des Hauptfensters des Klubs der Exekutive N\u00d6 in einen eigenen Frame ist nicht zul\u00e4ssig.<\/p><p><strong>Die Dienste:<\/strong>\u00a0Der Klub der Exekutive-Nieder\u00f6sterreich ist st\u00e4ndig bem\u00fcht, das Service- und Informationsangebot auf seiner Website zu verbessern und zu erweitern. Es besteht allerdings kein Anspruch oder keine Gew\u00e4hr bez\u00fcglich Verf\u00fcgbarkeit, Zuverl\u00e4ssigkeit, Funktionalit\u00e4t oder Fehlerlosigkeit dieser Dienste. Der Klub der Exekutive-Nieder\u00f6sterreich empfiehlt die Installation einer geeigneten Virenschutzsoftware und \u00fcbernimmt keine Haftung f\u00fcr Virenfreiheit der zur Verf\u00fcgung gestellten Dienste. Jegliche Gew\u00e4hrleistung und Haftung des Klubs der Exekutive-Nieder\u00f6sterreich gegen\u00fcber Benutzern, insbesondere auch f\u00fcr Sch\u00e4den, die aus der Nutzung der Dienste und der zum Download angebotenen Programme entstehen und Schadensersatzanspr\u00fcche des Benutzers oder eines Dritten aufgrund von Nutzung oder Nichtverf\u00fcgbarkeit von Diensten des Klubs, ist ausgeschlossen.<\/p>\t\t\t\t\t\t<\/div>\n\t\t\t\t<\/div>\n\t\t\t\t\t<\/div>\n\t\t<\/div>\n\t\t\t\t\t\t\t<\/div>\n\t\t<\/section>\n\t\t\t\t<section class=\"elementor-section elementor-top-section elementor-element elementor-element-c43b224 elementor-section-boxed elementor-section-height-default elementor-section-height-default\" data-id=\"c43b224\" data-element_type=\"section\">\n\t\t\t\t\t\t<div class=\"elementor-container elementor-column-gap-default\">\n\t\t\t\t\t<div class=\"elementor-column elementor-col-100 elementor-top-column elementor-element elementor-element-2dfe0ea\" data-id=\"2dfe0ea\" data-element_type=\"column\">\n\t\t\t<div class=\"elementor-widget-wrap elementor-element-populated\">\n\t\t\t\t\t\t\t\t<div class=\"elementor-element elementor-element-a3af420 elementor-widget elementor-widget-text-editor\" data-id=\"a3af420\" data-element_type=\"widget\" data-widget_type=\"text-editor.default\">\n\t\t\t\t<div class=\"elementor-widget-container\">\n\t\t\t\t\t\t\t\t\t\t\t\t\t<\/div>\n\t\t\t\t<\/div>\n\t\t\t\t\t<\/div>\n\t\t<\/div>\n\t\t\t\t\t\t\t<\/div>\n\t\t<\/section>\n\t\t\t\t<section class=\"elementor-section elementor-top-section elementor-element elementor-element-6a8c5d0 elementor-section-boxed elementor-section-height-default elementor-section-height-default\" data-id=\"6a8c5d0\" data-element_type=\"section\">\n\t\t\t\t\t\t<div class=\"elementor-container elementor-column-gap-default\">\n\t\t\t\t\t<div class=\"elementor-column elementor-col-100 elementor-top-column elementor-element elementor-element-ca25271\" data-id=\"ca25271\" data-element_type=\"column\">\n\t\t\t<div class=\"elementor-widget-wrap elementor-element-populated\">\n\t\t\t\t\t\t\t\t<div class=\"elementor-element elementor-element-2a6bba8 elementor-widget elementor-widget-text-editor\" data-id=\"2a6bba8\" data-element_type=\"widget\" data-widget_type=\"text-editor.default\">\n\t\t\t\t<div class=\"elementor-widget-container\">\n\t\t\t\t\t\t\t\t\t\t\t\t\t<\/div>\n\t\t\t\t<\/div>\n\t\t\t\t\t<\/div>\n\t\t<\/div>\n\t\t\t\t\t\t\t<\/div>\n\t\t<\/section>\n\t\t\t\t\t\t<\/div>\n\t\t\t\t\t<\/div>\n\t\t","protected":false},"excerpt":{"rendered":"<p>FSG N\u00d6 Impressum Offenlegung nach \u00a7 24 und 25 Mediengesetz Medieninhaber, Herausgeber und Eigent\u00fcmer: Fraktion sozialdemokratischer Gewerkschafter\/InnenKlub der Exekutive &#8211; Nieder\u00f6sterreichNeue Herrengasse 15A-3100 St. P\u00f6lten E-Mail:\u00a0fsg-noe@aon.at Klubobmann:\u00a0Hartmut SCHMID ZVR:\u00a0835759976 Grundlegende Richtung:\u00a0Der World Wide Web Server der FSG\u00a0N\u00d6 ist ein Informationsorgan des Klubs der Exekutive &#8211;\u00a0Nieder\u00f6sterreich und will einen Beitrag zum [&hellip;]<\/p>\n","protected":false},"author":1,"featured_media":0,"parent":0,"menu_order":0,"comment_status":"closed","ping_status":"closed","template":"elementor_header_footer","meta":{"footnotes":""},"class_list":["post-2323","page","type-page","status-publish","hentry"],"_links":{"self":[{"href":"https:\/\/fsg-polizei-noe.at\/inhalt\/wp-json\/wp\/v2\/pages\/2323","targetHints":{"allow":["GET"]}}],"collection":[{"href":"https:\/\/fsg-polizei-noe.at\/inhalt\/wp-json\/wp\/v2\/pages"}],"about":[{"href":"https:\/\/fsg-polizei-noe.at\/inhalt\/wp-json\/wp\/v2\/types\/page"}],"author":[{"embeddable":true,"href":"https:\/\/fsg-polizei-noe.at\/inhalt\/wp-json\/wp\/v2\/users\/1"}],"replies":[{"embeddable":true,"href":"https:\/\/fsg-polizei-noe.at\/inhalt\/wp-json\/wp\/v2\/comments?post=2323"}],"version-history":[{"count":3,"href":"https:\/\/fsg-polizei-noe.at\/inhalt\/wp-json\/wp\/v2\/pages\/2323\/revisions"}],"predecessor-version":[{"id":2326,"href":"https:\/\/fsg-polizei-noe.at\/inhalt\/wp-json\/wp\/v2\/pages\/2323\/revisions\/2326"}],"wp:attachment":[{"href":"https:\/\/fsg-polizei-noe.at\/inhalt\/wp-json\/wp\/v2\/media?parent=2323"}],"curies":[{"name":"wp","href":"https:\/\/api.w.org\/{rel}","templated":true}]}}