{"id":2329,"date":"2021-08-25T16:41:00","date_gmt":"2021-08-25T14:41:00","guid":{"rendered":"https:\/\/fsg-polizei-noe.at\/inhalt\/?page_id=2329"},"modified":"2021-08-25T16:48:47","modified_gmt":"2021-08-25T14:48:47","slug":"datenschutz","status":"publish","type":"page","link":"https:\/\/fsg-polizei-noe.at\/inhalt\/datenschutz\/","title":{"rendered":"Datenschutz"},"content":{"rendered":"\t\t<div data-elementor-type=\"wp-page\" data-elementor-id=\"2329\" class=\"elementor elementor-2329\" data-elementor-settings=\"[]\">\n\t\t\t\t\t\t\t<div class=\"elementor-section-wrap\">\n\t\t\t\t\t\t\t<section class=\"elementor-section elementor-top-section elementor-element elementor-element-4c0a734 elementor-section-boxed elementor-section-height-default elementor-section-height-default\" data-id=\"4c0a734\" data-element_type=\"section\" data-settings=\"{&quot;background_background&quot;:&quot;classic&quot;}\">\n\t\t\t\t\t\t<div class=\"elementor-container elementor-column-gap-default\">\n\t\t\t\t\t<div class=\"elementor-column elementor-col-50 elementor-top-column elementor-element elementor-element-ada97bb\" data-id=\"ada97bb\" data-element_type=\"column\">\n\t\t\t<div class=\"elementor-widget-wrap elementor-element-populated\">\n\t\t\t\t\t\t\t\t<div class=\"elementor-element elementor-element-973deeb gyan-title-st-line-after gyan-title-desc-left elementor-widget elementor-widget-gyan_title\" data-id=\"973deeb\" data-element_type=\"widget\" data-widget_type=\"gyan_title.default\">\n\t\t\t\t<div class=\"elementor-widget-container\">\n\t\t\t\t\t<div class=\"gyan-title\">\r\n\t\t\t<div class=\"gyan-title-subtitle\"><span>FSG N\u00d6<\/span><\/div><h2 class=\"gyan-title-heading\">Datenschutz<\/h2><div class=\"gyan-title-desc\">Datenschutzerkl\u00e4rung (DSGVO)<\/div>\t\t<\/div>\r\n\t\t\t\t<\/div>\n\t\t\t\t<\/div>\n\t\t\t\t\t<\/div>\n\t\t<\/div>\n\t\t\t\t<div class=\"elementor-column elementor-col-50 elementor-top-column elementor-element elementor-element-0b908bd\" data-id=\"0b908bd\" data-element_type=\"column\">\n\t\t\t<div class=\"elementor-widget-wrap elementor-element-populated\">\n\t\t\t\t\t\t\t\t<div class=\"elementor-element elementor-element-c023cf0 elementor-widget elementor-widget-text-editor\" data-id=\"c023cf0\" data-element_type=\"widget\" data-widget_type=\"text-editor.default\">\n\t\t\t\t<div class=\"elementor-widget-container\">\n\t\t\t\t\t\t\t<p>Sehr geehrte Dame!<br \/>Sehr geehrter Herr!<br \/><br \/>Ab 25. Mai 2018 gilt die Verordnung (EU) 2016\/679 zum Schutz nat\u00fcrlicher Personen bei der Verarbeitung personenbezogener Daten, zum freien Datenverkehr und zur Aufhebung der Richtlinie 95\/46\/EG (Datenschutz-Grundverordnung \u2013 DSGVO).1)<br \/><br \/>Das wurde zum Anlass genommen auf unserer Homepage\u00a0<strong>www.<cite>fsg-polizei-noe.at<\/cite>\u00a0<\/strong>\u00a0einen neuen Bereich &#8222;Datenschutz&#8220; zu er\u00f6ffnen, um Sie &#8211; wie gem\u00e4\u00df DSGVO vorgesehen &#8211; zu informieren, dass und wie personenbezogene Daten von Ihnen verarbeitet werden.<br \/><br \/>Sie gelangen \u00fcber die Auswahl &lt;Datenschutz&gt; in diesen Bereich.<br \/><br \/>Sie finden dort folgende Informationen:<br \/><br \/>*Datenschutzerkl\u00e4rung mit Informationen zu den Verarbeitungst\u00e4tigkeiten und Ihren Rechten als betroffene Person<br \/>* Kontaktdaten der gemeinsamen Verantwortlichen<br \/>* weitere relevante Rechtsgrundlagen<\/p><p><br \/>\u00a0<strong><u>Weiterf\u00fchrende Informationen:<\/u><\/strong><\/p><p>Den gesamten Text der\u00a0<a title=\"\u00d6ffnet in neuem Fenster\" href=\"http:\/\/eur-lex.europa.eu\/legal-content\/DE\/TXT\/HTML\/?uri=CELEX:32016R0679&amp;qid=1526550261766&amp;from=DE\" target=\"_blank\" rel=\"noopener\"><u>(EU) DSGVO 2016\/679<\/u><\/a>\u00a0finden Sie auf EUR-Lex unter\u00a0<a title=\"\u00d6ffnet in neuem Fenster\" href=\"https:\/\/eur-lex.europa.eu\/\" target=\"_blank\" rel=\"noopener\"><u>eur-lex.europa.eu<\/u><\/a>.<\/p><p>Den gesamten Text des\u00a0<a title=\"\u00d6ffnet in neuem Fenster\" href=\"https:\/\/ris.bka.gv.at\/GeltendeFassung.wxe?Abfrage=Bundesnormen&amp;Gesetzesnummer=10001597&amp;FassungVom=2018-05-25\" target=\"_blank\" rel=\"noopener\"><u>DSG<\/u><\/a>\u00a0in der Fassung vom 25. Mai 2018 finden Sie im Rechtsinformationssystem des Bundes unter\u00a0<a title=\"\u00d6ffnet in neuem Fenster\" href=\"https:\/\/www.ris.bka.gv.at\/\" target=\"_blank\" rel=\"noopener\"><u>www.ris.bka.gv.at<\/u><\/a>.<\/p><p>Ebenfalls Informationen zum Datenschutz sind dar\u00fcber hinaus auf der Webseite der Datenschutzbeh\u00f6rde unter\u00a0<a title=\"\u00d6ffnet in neuem Fenster\" href=\"https:\/\/www.dsb.gv.at\/\" target=\"_blank\" rel=\"noopener\"><u>www.dsb.gv.at<\/u><\/a>\u00a0verf\u00fcgbar.<\/p><p>Sie finden hier spezifische datenschutzrelevante Informationen zu den jeweiligen Verarbeitungst\u00e4tigkeiten.<\/p><p>Nachstehend finden Sie die Umgangsweise der FSG N\u00d6, Klub der Exekutive im Folgenden als FSG\/KdE bezeichnet, zu personenbezogener Daten, die Informationen dar\u00fcber enth\u00e4lt, wie die FSG\/KdE personenbezogene Daten erfasst, verwendet, teilt und sch\u00fctzt.<\/p><p><strong>1.\u00a0\u00a0 \u00a0Verantwortung f\u00fcr Ihre personenbezogenen Daten<\/strong><\/p><p>Die Homepage sowie die eingegangenen Daten an\u00a0<a href=\"http:\/\/www.polizei-fsg-noe.at\/\" target=\"_blank\" rel=\"noopener\">www.polizei-fsg-noe.at<\/a>\u00a0und den Daten auf den Anmeldeformularen des Klub der Exekutive N\u00d6 werden vom \u00a0Vorstand der FSG &#8211; Klub der Exekutive N\u00d6 gepflegt.<\/p><p>Jede Anfrage bez\u00fcglich des Datenschutzes kann schriftlich an folgende E-Mail-Adresse gerichtet werden:\u00a0<a href=\"mailto:fsg-noe@aon.at\" target=\"_blank\" rel=\"noopener\"><u>fsg-noe@aon.at<\/u><\/a><\/p><p>Datenschutzbeauftragte sind Hartmut SCHMID,\u00a0<a href=\"mailto:hartmut.schmid@goedfsg.at\" target=\"_blank\" rel=\"noopener\"><u>hartmut.schmid@goedfsg.at<\/u><\/a>\u00a0und Christian HENGST,\u00a0<a href=\"mailto:christian.hengst@goedfsg.at\" target=\"_blank\" rel=\"noopener\"><u>christian.hengst@goedfsg.at<\/u><\/a>\u00a0, LPD N\u00d6, Neue Herrengasse 15<\/p><p>Die FSG ist verantwortlich f\u00fcr die korrekte Verarbeitung der personenbezogenen Daten, die Sie der FSG- Klub der Exekutive schicken. FSG- Klub der Exekutive speichert und verarbeitet Ihre personenbezogenen Daten gem\u00e4\u00df den Gesetzen im Bereich Datenschutz und Privatsph\u00e4re.\u00a0<\/p><p><strong>2.\u00a0\u00a0 \u00a0Informationen, die erfasst und verarbeitet werden<\/strong><\/p><p>Informationen \u00fcber FSG Mitglieder:<\/p><p>Wenn Sie sich als Mitglieder beim KdE angemeldet haben, verarbeiten wir die personenbezogenen Daten, die Sie im Zusammenhang mit Ihrer Mitgliedschaft angegeben haben. Typischerweise sind dies Ihr Name, Ihre Adresse, Ihre Telefonnummer, evtl. eine E-Mail-Adresse und Zahlungsinformationen.\u00a0<\/p><p><strong>3.\u00a0\u00a0 \u00a0Zweck der Verarbeitung personenbezogener Daten<\/strong><\/p><p>Die personenbezogenen Daten, die Sie der FSG\/KdE mitteilen, k\u00f6nnen je nach Ihrer Beziehung zum FSG\/KdE f\u00fcr verschiedene Zwecke verwendet werden, zum Beispiel:<\/p><p>\u2022\u00a0\u00a0 \u00a0um Ihre Mitgliedsbeitr\u00e4ge einzuheben.<br \/>\u2022\u00a0\u00a0 \u00a0um Ihnen Geburtstagsw\u00fcnsche zu \u00fcbermitteln.<br \/>\u2022\u00a0\u00a0 \u00a0zu statistischen Zwecken, um unser Service f\u00fcr Sie zu verbessern<br \/>\u2022\u00a0\u00a0 \u00a0um wiederholte Besuche auf unserer Homepage pers\u00f6nlicher zu gestalten<br \/>\u2022\u00a0\u00a0 \u00a0um Sie \u00fcber aktuelle Angebote und andere Leistungen der FSG\/KdE\u00a0 zu informieren, von denen\u00a0wir glauben, dass sie f\u00fcr Sie von Interesse sind.<br \/>\u2022\u00a0\u00a0 \u00a0um Nachfragen im Landesb\u00fcro zu bearbeiten, und<br \/>\u2022\u00a0\u00a0 \u00a0um Ihnen Informationen zu schicken, um die Sie gebeten haben.<\/p><p><strong>4.\u00a0\u00a0 \u00a0Rechtsgrundlage f\u00fcr die Verarbeitung personenbezogener Daten<\/strong><\/p><p>Wir verarbeiten personenbezogene Daten auf der Basis einer der folgenden gesetzlichen Rechtsgrundlagen:<\/p><p><strong>Erf\u00fcllung eines Vertrags<\/strong><\/p><p>Mit dem Mitglied:<\/p><p>Wenn Sie Dinge aus Aktionen (z.B. Parkgutscheine f\u00fcr Flughafen) bestellen, verarbeitet die FSG\/KdE die personenbezogenen Daten, die Sie bei Ihrer Bestellung angeben, weil dies notwendig ist, um Ihre Bestellung durchf\u00fchren und den Vertrag erf\u00fcllen zu k\u00f6nnen. Sofern Sie zur Angabe dieser Informationen nicht bereit sind, k\u00f6nnen wir Ihre Bestellung nicht durchf\u00fchren.\u00a0<\/p><p><strong>Legitimes Interesse<\/strong><\/p><p>Mitglied:<\/p><p>Wenn Sie eine Aktion (z.B. Membercodes etc.) bestellen, verarbeitet die FSG\/KdE \u00a0die personen-bezogenen Daten, die Sie bei Ihrer Bestellung angeben, weil sie die FSG\/KdE gerne mit guten Angeboten kontaktieren m\u00f6chte. Diese Verarbeitung Ihrer personenbezogenen Daten erfolgt auf der Basis des legitimen Interesses der FSG\/KdE, den Kontakt mit Ihnen aufrechtzuerhalten, in der Hoffnung, dass Sie auch in Zukunft ein lukratives Angebot von uns in Anspruch nehmen. Sie k\u00f6nnen daher davon ausgehen, dass sie die FSG\/KdE Sie zeitweise mit Angeboten kontaktiert, denn dies ist die Grundlage unserer guten Mitgliederbetreuung.<\/p><p>Sie haben jederzeit das Recht, von der FSG\/KdE \u00a0die Einstellung des Versands von Werbematerial an Sie zu verlangen. Dies k\u00f6nnen Sie durch eine E-Mail an folgende E-Mail-Adresse tun:\u00a0<a href=\"mailto:fsg-noe@aon.at\" target=\"_blank\" rel=\"noopener\"><u>fsg-noe@aon.at<\/u><\/a>\u00a0<\/p><p><strong>Allgemein:<\/strong><\/p><p>Die FSG\/KdE verwendet einige personenbezogene Daten zu statistischen Zwecken, um das Mitgliederservice gegen\u00fcber Ihnen zu optimieren. Diese Verarbeitungen erfolgen auf der Basis des Interesses der FSG\/KdE, um den bestm\u00f6glichen Service zu erbringen.<br \/>Sie haben jederzeit das Recht, gegen die Verarbeitung Ihrer personenbezogenen Daten zu obigen Zwecken Einspruch zu erheben. Dies k\u00f6nnen Sie durch eine E-Mail an folgende E-Mail-Adresse tun:\u00a0<a href=\"mailto:fsg-noe@aon.at\" target=\"_blank\" rel=\"noopener\"><u>fsg-noe@aon.at<\/u><\/a>\u00a0<\/p><p><strong>Einverst\u00e4ndnis<\/strong><\/p><p>Die FSG\/KdE gibt Ihre personenbezogenen Daten nicht an Gesch\u00e4ftspartner weiter, damit diese Sie gesondert mit guten Angeboten etc. kontaktieren k\u00f6nnen, es sei denn, Sie haben hierf\u00fcr gesondert Ihr Einverst\u00e4ndnis erkl\u00e4rt.\u00a0<br \/><br \/><\/p><p>Wenn die FSG\/KdE Fotos oder Videos von Ihnen f\u00fcr das Marketing verwendet, bittet sie die FSG\/KdE vor der Verwendung um Ihr Einverst\u00e4ndnis hierf\u00fcr.\u00a0<br \/>Sie k\u00f6nnen Ihr Einverst\u00e4ndnis immer durch eine E-Mail an folgende E-Mail-Adresse widerrufen:\u00a0<a href=\"mailto:fsg-noe@aon.at\" target=\"_blank\" rel=\"noopener\"><u>fsg-noe@aon.at<\/u><\/a>\u00a0<\/p><p><strong>Einhaltung einer rechtlichen Verpflichtung<\/strong><\/p><p>Wenn durch Gesetze eine rechtliche Verpflichtung zur Verarbeitung festgelegt ist, wird die FSG\/KdE die Verarbeitung Ihrer personenbezogenen Daten auch auf der Basis dieser rechtlichen Verpflichtung vornehmen.<\/p><p><strong>5.\u00a0\u00a0 \u00a0Weitergabe von personenbezogenen Daten<\/strong><\/p><p>Die FSG\/KdE gibt in notwendigem Umfang relevante personenbezogene Daten an Gesch\u00e4ftspartner, wie zum Beispiel Reiseb\u00fcros, Vermietungsportale, Kreditkartenfirmen, Versicherungsgesellschaften sowie \u00f6ffentliche Beh\u00f6rden im Hinblick darauf weiter, um manche Aktionen (z.B. Telefonanbieter etc) durchf\u00fchren und optimieren und damit Verpflichtungen der FSG\/KdE erf\u00fcllen zu k\u00f6nnen, aber nur insofern wie es gem\u00e4\u00df geltender Gesetze erforderlich ist.<br \/>Wenn Sie Ihr gesondertes Einverst\u00e4ndnis hierzu erteilt haben, gibt die FSG\/KdE Ihre personenbezogenen Daten an ausgew\u00e4hlte Gesch\u00e4ftspartner im Hinblick darauf weiter, dass diese Sie gesondert mit guten Angeboten etc. kontaktieren k\u00f6nnen. Sie k\u00f6nnen Ihr Einverst\u00e4ndnis immer durch eine E-Mail an folgende E-Mail-Adresse widerrufen:\u00a0<a href=\"mailto:fsg-noe@aon.at\" target=\"_blank\" rel=\"noopener\"><u>fsg-noe@aon.at<\/u><\/a><\/p><p><strong>6.\u00a0\u00a0 \u00a0Zeitraum f\u00fcr die Speicherung personenbezogener Daten<\/strong><\/p><p>Die FSG\/KdE speichert Ihre personenbezogenen Daten nur in dem Zeitraum, in dem dies gem\u00e4\u00df der relevanten Zwecke oder gem\u00e4\u00df geltenden Gesetzen notwendig ist. Die FSG\/KdE l\u00f6scht Ihre personenbezogenen Daten, wenn deren Speicherung nicht mehr notwendig ist.<\/p><p><strong>7.\u00a0\u00a0 \u00a0Ihre Rechte<\/strong><\/p><p>Sie haben das Recht, dar\u00fcber informiert zu werden, welche Daten die FSG\/KdE erfasst hat, und Daten \u00e4ndern zu lassen, falls sie unrichtig sind. Sie haben das Recht, eine Kopie der personenbezogenen Daten zu erhalten, die verarbeitet werden.<br \/>Sie haben das Recht, Ihre personenbezogenen Daten l\u00f6schen zu lassen, wenn die Informationen nicht mehr notwendig sind, um die Zwecke zu erf\u00fcllen, f\u00fcr die sie erfasst worden sind, oder wenn die Verarbeitung unrechtm\u00e4\u00dfig ist.\u00a0<br \/>Sie haben das Recht, von der FSG\/KdE eine Beschr\u00e4nkung der Verarbeitung Ihrer personenbezogenen Daten zu verlangen.<br \/>Sie haben das Recht, von der FSG\/KdE die Einstellung des Versands von Werbematerial an Sie zu verlangen.\u00a0<br \/>Sie haben das Recht, Ihre personenbezogenen Daten in einem strukturierten, \u00fcblicherweise verwendeten und maschinenlesbaren Format zu erhalten und Ihre personenbezogenen Daten an einen anderen Verantwortlichen \u00fcbermitteln zu lassen, wenn dies technisch m\u00f6glich ist.<br \/>Sie haben das Recht, bei einer Aufsichtsbeh\u00f6rde eine Beschwerde einzureichen.\u00a0<br \/>Sie haben das Recht, Ihr Einverst\u00e4ndnis zu widerrufen, wenn die FSG\/KdE Ihre personenbezogenen Daten auf der Basis Ihres Einverst\u00e4ndnisses verarbeitet.<br \/>Jegliche Anfrage zu Ihren Rechten kann per E-Mail an folgende E-Mail-Adresse erfolgen:\u00a0<a href=\"mailto:fsg-noe@aon.at\" target=\"_blank\" rel=\"noopener\"><u>fsg-noe@aon.at<\/u><\/a>\u00a0<\/p><p><strong>8.\u00a0\u00a0 \u00a0Andere Homepages<\/strong><\/p><p>Unsere Homepage kann Links zu anderen Homepages enthalten. Diese vorliegende Einstellung zu personenbezogenen Daten gilt nur f\u00fcr die Homepage der FSG\/KdE; wenn Sie also Links zu anderen Homepages nutzen, empfiehlt die FSG\/KdE Ihnen, deren Politik zu personenbezogenen Daten zu lesen.<\/p><p><strong>9.\u00a0\u00a0 \u00a0Aktualisierung von personenbezogenen Daten<\/strong><\/p><p>Die FSG\/KdE \u00fcberarbeitet die personenbezogenen Daten regelm\u00e4\u00dfig. Diese Daten sind auf einem externen Stick abgelegt und sind nur dem Vorstand des Vereins zug\u00e4ngig.<\/p><p>Diese Datenpolitik wurde zuletzt im Mai 2018 aktualisiert.\u00a0<br \/>Jegliche Anfrage zum Datenschutz kann per E-Mail an folgende E-Mail-Adresse gerichtet werden:\u00a0<a href=\"mailto:fsg-noe@aon.at\" target=\"_blank\" rel=\"noopener\"><u>fsg-noe@aon.at<\/u><\/a><\/p>\t\t\t\t\t\t<\/div>\n\t\t\t\t<\/div>\n\t\t\t\t\t<\/div>\n\t\t<\/div>\n\t\t\t\t\t\t\t<\/div>\n\t\t<\/section>\n\t\t\t\t<section class=\"elementor-section elementor-top-section elementor-element elementor-element-c43b224 elementor-section-boxed elementor-section-height-default elementor-section-height-default\" data-id=\"c43b224\" data-element_type=\"section\">\n\t\t\t\t\t\t<div class=\"elementor-container elementor-column-gap-default\">\n\t\t\t\t\t<div class=\"elementor-column elementor-col-100 elementor-top-column elementor-element elementor-element-2dfe0ea\" data-id=\"2dfe0ea\" data-element_type=\"column\">\n\t\t\t<div class=\"elementor-widget-wrap elementor-element-populated\">\n\t\t\t\t\t\t\t\t<div class=\"elementor-element elementor-element-a3af420 elementor-widget elementor-widget-text-editor\" data-id=\"a3af420\" data-element_type=\"widget\" data-widget_type=\"text-editor.default\">\n\t\t\t\t<div class=\"elementor-widget-container\">\n\t\t\t\t\t\t\t\t\t\t\t\t\t<\/div>\n\t\t\t\t<\/div>\n\t\t\t\t\t<\/div>\n\t\t<\/div>\n\t\t\t\t\t\t\t<\/div>\n\t\t<\/section>\n\t\t\t\t<section class=\"elementor-section elementor-top-section elementor-element elementor-element-6a8c5d0 elementor-section-boxed elementor-section-height-default elementor-section-height-default\" data-id=\"6a8c5d0\" data-element_type=\"section\">\n\t\t\t\t\t\t<div class=\"elementor-container elementor-column-gap-default\">\n\t\t\t\t\t<div class=\"elementor-column elementor-col-100 elementor-top-column elementor-element elementor-element-ca25271\" data-id=\"ca25271\" data-element_type=\"column\">\n\t\t\t<div class=\"elementor-widget-wrap elementor-element-populated\">\n\t\t\t\t\t\t\t\t<div class=\"elementor-element elementor-element-2a6bba8 elementor-widget elementor-widget-text-editor\" data-id=\"2a6bba8\" data-element_type=\"widget\" data-widget_type=\"text-editor.default\">\n\t\t\t\t<div class=\"elementor-widget-container\">\n\t\t\t\t\t\t\t\t\t\t\t\t\t<\/div>\n\t\t\t\t<\/div>\n\t\t\t\t\t<\/div>\n\t\t<\/div>\n\t\t\t\t\t\t\t<\/div>\n\t\t<\/section>\n\t\t\t\t\t\t<\/div>\n\t\t\t\t\t<\/div>\n\t\t","protected":false},"excerpt":{"rendered":"<p>FSG N\u00d6 Datenschutz Datenschutzerkl\u00e4rung (DSGVO) Sehr geehrte Dame! Sehr geehrter Herr! Ab 25. Mai 2018 gilt die Verordnung (EU) 2016\/679 zum Schutz nat\u00fcrlicher Personen bei der Verarbeitung personenbezogener Daten, zum freien Datenverkehr und zur Aufhebung der Richtlinie 95\/46\/EG (Datenschutz-Grundverordnung \u2013 DSGVO).1) Das wurde zum Anlass genommen auf unserer Homepage&nbsp;www.fsg-polizei-noe.at&nbsp;&nbsp;einen neuen [&hellip;]<\/p>\n","protected":false},"author":1,"featured_media":0,"parent":0,"menu_order":0,"comment_status":"closed","ping_status":"closed","template":"elementor_header_footer","meta":{"footnotes":""},"class_list":["post-2329","page","type-page","status-publish","hentry"],"_links":{"self":[{"href":"https:\/\/fsg-polizei-noe.at\/inhalt\/wp-json\/wp\/v2\/pages\/2329","targetHints":{"allow":["GET"]}}],"collection":[{"href":"https:\/\/fsg-polizei-noe.at\/inhalt\/wp-json\/wp\/v2\/pages"}],"about":[{"href":"https:\/\/fsg-polizei-noe.at\/inhalt\/wp-json\/wp\/v2\/types\/page"}],"author":[{"embeddable":true,"href":"https:\/\/fsg-polizei-noe.at\/inhalt\/wp-json\/wp\/v2\/users\/1"}],"replies":[{"embeddable":true,"href":"https:\/\/fsg-polizei-noe.at\/inhalt\/wp-json\/wp\/v2\/comments?post=2329"}],"version-history":[{"count":10,"href":"https:\/\/fsg-polizei-noe.at\/inhalt\/wp-json\/wp\/v2\/pages\/2329\/revisions"}],"predecessor-version":[{"id":2339,"href":"https:\/\/fsg-polizei-noe.at\/inhalt\/wp-json\/wp\/v2\/pages\/2329\/revisions\/2339"}],"wp:attachment":[{"href":"https:\/\/fsg-polizei-noe.at\/inhalt\/wp-json\/wp\/v2\/media?parent=2329"}],"curies":[{"name":"wp","href":"https:\/\/api.w.org\/{rel}","templated":true}]}}