{"id":2599,"date":"2021-08-27T10:40:50","date_gmt":"2021-08-27T08:40:50","guid":{"rendered":"https:\/\/fsg-polizei-noe.at\/inhalt\/?page_id=2599"},"modified":"2025-02-20T13:46:20","modified_gmt":"2025-02-20T12:46:20","slug":"bezirk-gmuend","status":"publish","type":"page","link":"https:\/\/fsg-polizei-noe.at\/inhalt\/bezirk-gmuend\/","title":{"rendered":"Bezirk Gm\u00fcnd"},"content":{"rendered":"\t\t<div data-elementor-type=\"wp-page\" data-elementor-id=\"2599\" class=\"elementor elementor-2599\" data-elementor-settings=\"[]\">\n\t\t\t\t\t\t\t<div class=\"elementor-section-wrap\">\n\t\t\t\t\t\t\t<section class=\"elementor-section elementor-top-section elementor-element elementor-element-4c0a734 elementor-section-boxed elementor-section-height-default elementor-section-height-default\" data-id=\"4c0a734\" data-element_type=\"section\" data-settings=\"{&quot;background_background&quot;:&quot;classic&quot;}\">\n\t\t\t\t\t\t<div class=\"elementor-container elementor-column-gap-default\">\n\t\t\t\t\t<div class=\"elementor-column elementor-col-50 elementor-top-column elementor-element elementor-element-ada97bb\" data-id=\"ada97bb\" data-element_type=\"column\">\n\t\t\t<div class=\"elementor-widget-wrap elementor-element-populated\">\n\t\t\t\t\t\t\t\t<div class=\"elementor-element elementor-element-973deeb gyan-title-st-line-after gyan-title-desc-left elementor-widget elementor-widget-gyan_title\" data-id=\"973deeb\" data-element_type=\"widget\" data-widget_type=\"gyan_title.default\">\n\t\t\t\t<div class=\"elementor-widget-container\">\n\t\t\t\t\t<div class=\"gyan-title\">\r\n\t\t\t<div class=\"gyan-title-subtitle\"><span>FSG N\u00d6<\/span><\/div><h2 class=\"gyan-title-heading\">Bezirk Gm\u00fcnd<\/h2><div class=\"gyan-title-desc\">Deine Vertretung<\/div>\t\t<\/div>\r\n\t\t\t\t<\/div>\n\t\t\t\t<\/div>\n\t\t\t\t\t<\/div>\n\t\t<\/div>\n\t\t\t\t<div class=\"elementor-column elementor-col-50 elementor-top-column elementor-element elementor-element-9d5ca75\" data-id=\"9d5ca75\" data-element_type=\"column\">\n\t\t\t<div class=\"elementor-widget-wrap elementor-element-populated\">\n\t\t\t\t\t\t\t\t<div class=\"elementor-element elementor-element-4136884 elementor-grid-3 elementor-grid-tablet-2 elementor-grid-mobile-1 elementor-widget elementor-widget-gyan_team\" data-id=\"4136884\" data-element_type=\"widget\" data-settings=\"{&quot;columns&quot;:&quot;3&quot;,&quot;columns_tablet&quot;:&quot;2&quot;,&quot;columns_mobile&quot;:&quot;1&quot;}\" data-widget_type=\"gyan_team.default\">\n\t\t\t\t<div class=\"elementor-widget-container\">\n\t\t\t\r\n         <div class=\"gyan-team gyan-team-4136884\" data-layout=\"grid\" data-rtl=\"false\">\r\n            <div class=\"gyan-team-grid gyan-elementor-grid\">\r\n\r\n            \r\n        \t\t<div class=\"gyan-team-item gyan-grid-item-wrap\">\r\n                    <div class=\"gyan-team-item-inner gyan-grid-item\">\r\n\r\n            \t\t\t<div class=\"gyan-team-image\">\r\n            \t\t\t\t<a href=\"#\" class=\"gyan-team-link gyan-team-img-link\"><\/a><img decoding=\"async\" src=\"https:\/\/fsg-polizei-noe.at\/inhalt\/wp-content\/uploads\/elementor\/thumbs\/Mueller-Helmut-zivil-1-qomsh3l2xc5dpm1hn01f5l2s6awhspj75cr74mx8hk.jpg\" alt=\"\" \/>\r\n                                <div class=\"gyan-team-social\">\r\n                \t\t\t\t\t<ul class=\"gyan-ease-transition\">\r\n                                                                                    <li><a href=\"http:\/\/Helmut.Mueller@polizei.gv.at\" class=\"gyan-icon\" target=\"_blank\"><i aria-hidden=\"true\" class=\"fas fa-mail-bulk\"><\/i><\/a><\/li>\r\n                                                                                                                            <li><a href=\"tel:+43591333404\" class=\"gyan-icon\" target=\"_blank\"><i aria-hidden=\"true\" class=\"fas fa-phone-volume\"><\/i><\/a><\/li>\r\n                                                                                                                            <li><a href=\"https:\/\/www.google.at\/maps\/place\/Polizeiinspektion+Heidenreichstein\/@48.8657471,15.1202015,567m\/data=!3m2!1e3!4b1!4m5!3m4!1s0x4772d78e3f5069bf:0xde94460626bc08b9!8m2!3d48.8657467!4d15.1223904\" class=\"gyan-icon\" target=\"_blank\"><i aria-hidden=\"true\" class=\"fas fa-map-marked-alt\"><\/i><\/a><\/li>\r\n                                                                                                                            <li><a href=\"#\" class=\"gyan-icon\" target=\"_blank\"><i aria-hidden=\"true\" class=\"fas fa-home\"><\/i><\/a><\/li>\r\n                                                        \t\t\t\t\t<\/ul>\r\n                \t\t\t\t<\/div>\r\n\r\n                                                    <\/div>\r\n\r\n                                                    <div class=\"gyan-team-share-icon\"><span><i class=\"fas fa-share-alt\"><\/i><\/span><\/div>\r\n                        \r\n                        <div class=\"gyan-team-content gyan-ease-transition\">\r\n            \t\t\t\t<div class=\"gyan-team-name\"><h6  class=\"gyan-team-name-tag\"><a href=\"#\" class=\"gyan-team-link\">Helmut M\u00fcller<\/a><\/h6><\/div>\r\n            \t\t\t\t<div class=\"gyan-team-position\">Personalvertreter +4366488258820<\/div>\r\n            \t\t\t<\/div>\r\n        \t\t  <\/div>\r\n                <\/div>\r\n\r\n            \r\n        \t\t<div class=\"gyan-team-item gyan-grid-item-wrap\">\r\n                    <div class=\"gyan-team-item-inner gyan-grid-item\">\r\n\r\n            \t\t\t<div class=\"gyan-team-image\">\r\n            \t\t\t\t<a href=\"#\" class=\"gyan-team-link gyan-team-img-link\"><\/a><img decoding=\"async\" src=\"https:\/\/fsg-polizei-noe.at\/inhalt\/wp-content\/uploads\/elementor\/thumbs\/Leutner-Alex-zivil-1-qomsho9j3oxot17ga8z7ofux8s2ki1tak73voq2koo.jpg\" alt=\"\" \/>\r\n                                <div class=\"gyan-team-social\">\r\n                \t\t\t\t\t<ul class=\"gyan-ease-transition\">\r\n                                                                                    <li><a href=\"http:\/\/Alexander.Leutner@polizei.gv.at\" class=\"gyan-icon\" target=\"_blank\"><i aria-hidden=\"true\" class=\"fas fa-mail-bulk\"><\/i><\/a><\/li>\r\n                                                                                                                            <li><a href=\"tel:+4366488264667\" class=\"gyan-icon\" target=\"_blank\"><i aria-hidden=\"true\" class=\"fas fa-phone-volume\"><\/i><\/a><\/li>\r\n                                                                                                                            <li><a href=\"https:\/\/www.google.at\/maps\/place\/Polizeiinspektion+Weitra\/@48.7009414,14.893599,568m\/data=!3m2!1e3!4b1!4m5!3m4!1s0x47731f3819688783:0xfaa3b4220df538fe!8m2!3d48.7009248!4d14.895723\" class=\"gyan-icon\" target=\"_blank\"><i aria-hidden=\"true\" class=\"fas fa-map-marked-alt\"><\/i><\/a><\/li>\r\n                                                                                                                            <li><a href=\"http:\/\/www.fsg-gmuend.at\" class=\"gyan-icon\" target=\"_blank\"><i aria-hidden=\"true\" class=\"fas fa-home\"><\/i><\/a><\/li>\r\n                                                        \t\t\t\t\t<\/ul>\r\n                \t\t\t\t<\/div>\r\n\r\n                                                    <\/div>\r\n\r\n                                                    <div class=\"gyan-team-share-icon\"><span><i class=\"fas fa-share-alt\"><\/i><\/span><\/div>\r\n                        \r\n                        <div class=\"gyan-team-content gyan-ease-transition\">\r\n            \t\t\t\t<div class=\"gyan-team-name\"><h6  class=\"gyan-team-name-tag\"><a href=\"#\" class=\"gyan-team-link\">Alexander Leutner<\/a><\/h6><\/div>\r\n            \t\t\t\t<div class=\"gyan-team-position\">Personalvertreter +4366488264667<\/div>\r\n            \t\t\t<\/div>\r\n        \t\t  <\/div>\r\n                <\/div>\r\n\r\n                        <div class=\"clear\"><\/div>\r\n            <\/div>\r\n        <\/div>\r\n        <div class=\"clear\"><\/div>\r\n\r\n\t\t\t\t<\/div>\n\t\t\t\t<\/div>\n\t\t\t\t\t<\/div>\n\t\t<\/div>\n\t\t\t\t\t\t\t<\/div>\n\t\t<\/section>\n\t\t\t\t<section class=\"elementor-section elementor-top-section elementor-element elementor-element-c43b224 elementor-section-boxed elementor-section-height-default elementor-section-height-default\" data-id=\"c43b224\" data-element_type=\"section\">\n\t\t\t\t\t\t<div class=\"elementor-container elementor-column-gap-default\">\n\t\t\t\t\t<div class=\"elementor-column elementor-col-100 elementor-top-column elementor-element elementor-element-2dfe0ea\" data-id=\"2dfe0ea\" data-element_type=\"column\">\n\t\t\t<div class=\"elementor-widget-wrap elementor-element-populated\">\n\t\t\t\t\t\t\t\t<div class=\"elementor-element elementor-element-a3af420 elementor-widget elementor-widget-text-editor\" data-id=\"a3af420\" data-element_type=\"widget\" data-widget_type=\"text-editor.default\">\n\t\t\t\t<div class=\"elementor-widget-container\">\n\t\t\t\t\t\t\t\t\t\t\t\t\t<\/div>\n\t\t\t\t<\/div>\n\t\t\t\t\t<\/div>\n\t\t<\/div>\n\t\t\t\t\t\t\t<\/div>\n\t\t<\/section>\n\t\t\t\t<section class=\"elementor-section elementor-top-section elementor-element elementor-element-6a8c5d0 elementor-section-boxed elementor-section-height-default elementor-section-height-default\" data-id=\"6a8c5d0\" data-element_type=\"section\">\n\t\t\t\t\t\t<div class=\"elementor-container elementor-column-gap-default\">\n\t\t\t\t\t<div class=\"elementor-column elementor-col-100 elementor-top-column elementor-element elementor-element-ca25271\" data-id=\"ca25271\" data-element_type=\"column\">\n\t\t\t<div class=\"elementor-widget-wrap elementor-element-populated\">\n\t\t\t\t\t\t\t\t<div class=\"elementor-element elementor-element-2a6bba8 elementor-widget elementor-widget-text-editor\" data-id=\"2a6bba8\" data-element_type=\"widget\" data-widget_type=\"text-editor.default\">\n\t\t\t\t<div class=\"elementor-widget-container\">\n\t\t\t\t\t\t\t\t\t\t\t\t\t<\/div>\n\t\t\t\t<\/div>\n\t\t\t\t\t<\/div>\n\t\t<\/div>\n\t\t\t\t\t\t\t<\/div>\n\t\t<\/section>\n\t\t\t\t\t\t<\/div>\n\t\t\t\t\t<\/div>\n\t\t","protected":false},"excerpt":{"rendered":"<p>FSG N\u00d6 Bezirk Gm\u00fcnd Deine Vertretung Helmut M\u00fcller Personalvertreter +4366488258820 Alexander Leutner Personalvertreter +4366488264667<\/p>\n","protected":false},"author":1,"featured_media":0,"parent":0,"menu_order":0,"comment_status":"closed","ping_status":"closed","template":"elementor_header_footer","meta":{"footnotes":""},"class_list":["post-2599","page","type-page","status-publish","hentry"],"_links":{"self":[{"href":"https:\/\/fsg-polizei-noe.at\/inhalt\/wp-json\/wp\/v2\/pages\/2599","targetHints":{"allow":["GET"]}}],"collection":[{"href":"https:\/\/fsg-polizei-noe.at\/inhalt\/wp-json\/wp\/v2\/pages"}],"about":[{"href":"https:\/\/fsg-polizei-noe.at\/inhalt\/wp-json\/wp\/v2\/types\/page"}],"author":[{"embeddable":true,"href":"https:\/\/fsg-polizei-noe.at\/inhalt\/wp-json\/wp\/v2\/users\/1"}],"replies":[{"embeddable":true,"href":"https:\/\/fsg-polizei-noe.at\/inhalt\/wp-json\/wp\/v2\/comments?post=2599"}],"version-history":[{"count":5,"href":"https:\/\/fsg-polizei-noe.at\/inhalt\/wp-json\/wp\/v2\/pages\/2599\/revisions"}],"predecessor-version":[{"id":6633,"href":"https:\/\/fsg-polizei-noe.at\/inhalt\/wp-json\/wp\/v2\/pages\/2599\/revisions\/6633"}],"wp:attachment":[{"href":"https:\/\/fsg-polizei-noe.at\/inhalt\/wp-json\/wp\/v2\/media?parent=2599"}],"curies":[{"name":"wp","href":"https:\/\/api.w.org\/{rel}","templated":true}]}}